{"id":27,"date":"2018-02-24T02:52:57","date_gmt":"2018-02-24T01:52:57","guid":{"rendered":"http:\/\/lautremagda.hoibian.com\/?page_id=27"},"modified":"2026-02-10T17:38:16","modified_gmt":"2026-02-10T16:38:16","slug":"qui-suis-je","status":"publish","type":"page","link":"https:\/\/lautremagda.hoibian.com\/index.php\/qui-suis-je\/","title":{"rendered":"Qui suis-je ?"},"content":{"rendered":"\n<p>Bonjour,<\/p>\n\n\n\n<!--more-->\n\n\n\n<p>Je suis <strong>Magda Hoibian, Artiste peintre (<a href=\"https:\/\/www.magda.hoibian.com\" target=\"_blank\" rel=\"noreferrer noopener\">CLIC mon site ici<\/a>)<\/strong> vivant en campagne apr\u00e8s de longues p\u00e9riodes urbaines, <strong>amoureuse de la vie<\/strong>, des couleurs et plut\u00f4t inadapt\u00e9e \u00e0 un monde bas\u00e9 sur le profit, la comp\u00e9tition, les r\u00e9sultats etc&#8230;<\/p>\n\n\n\n<p>Je suis une r\u00eaveuse pleine d&rsquo;imagination, je ne supporte pas bien l&rsquo;autorit\u00e9 sans aucun sens, la culture scolaire (un jour je vais m&rsquo;expliquer dessus ! ) <strong>j&rsquo;adore la spontan\u00e9it\u00e9<\/strong>, j&rsquo;aime profond\u00e9ment la vie en couleurs, la litt\u00e9rature, je me fous des diff\u00e9rences d&rsquo;\u00e2ges, je ne comprends pas les cases, j&rsquo;aime les m\u00e9langes entre les genres, ce qui rend difficile pour moi un tas de choses dans une soci\u00e9t\u00e9 construite sur le conformisme , et le paternalisme, la vacherie et un manque certain de douceur. J&rsquo;admire le courage, j&rsquo;aime \u00eatre une femme (Bien que ce ne soit pas un chemin facile )<strong> je place l&rsquo;Amour et la Libert\u00e9 au dessus de tout<\/strong>, je ne me leurre pas , j&rsquo;aime aussi un certain confort, je serais incapable de vivre dans un Tepee de faire la lessive \u00e0 la main de vivre sans chauffage, sans salle de bains, tant que j&rsquo;ai le choix.<\/p>\n\n\n\n<p><strong>Je d\u00e9couvre et apprend r\u00e9guli\u00e8rement, je fuis l&rsquo;\u00e9litisme<\/strong>, je me m\u00e9fie de moi-m\u00eame aussi parfois, je suis en amour avec la beaut\u00e9 et l&rsquo;harmonie, ah ha ah , je sais quel effet \u00e7a peut produire de lire ceci, tant pis; <strong>j&rsquo;ai besoin de musique, d&rsquo;art, de livres, de lumi\u00e8res, de plantes, des \u00e9l\u00e9ments, et d&rsquo;amour.<\/strong> Bref, je suis une Terrienne ! Mais un peu \u00e0 l&rsquo;ouest il parait&#8230;Une amie Artiste ( tr\u00e8s reconnue, je suis tellement reconnaissante de son beau regard sur mon travail et j&rsquo;aime tellement son merveilleux travail courageux et puissant, sensible et \u00e9corche, gu\u00e9risseur et po\u00e9tique&#8230;) dit de moi , \u00f4 cadeau que je suis une f\u00e9e qui fait parler les \u00e9l\u00e9ments, ce sont des mots qui me redonnent courage dans les p\u00e9riodes flasques.<\/p>\n\n\n\n<p><\/p>\n\n\n<div class=\"wp-block-image is-style-rounded\">\n<figure class=\"aligncenter size-large is-resized\"><img loading=\"lazy\" decoding=\"async\" width=\"768\" height=\"1024\" src=\"https:\/\/lautremagda.hoibian.com\/wp-content\/uploads\/2021\/04\/IMG_20210402_214409-768x1024.jpg\" alt=\"\" class=\"wp-image-282\" style=\"width:576px;height:768px\" srcset=\"https:\/\/lautremagda.hoibian.com\/wp-content\/uploads\/2021\/04\/IMG_20210402_214409-768x1024.jpg 768w, https:\/\/lautremagda.hoibian.com\/wp-content\/uploads\/2021\/04\/IMG_20210402_214409-225x300.jpg 225w, https:\/\/lautremagda.hoibian.com\/wp-content\/uploads\/2021\/04\/IMG_20210402_214409-1152x1536.jpg 1152w, https:\/\/lautremagda.hoibian.com\/wp-content\/uploads\/2021\/04\/IMG_20210402_214409-1536x2048.jpg 1536w, https:\/\/lautremagda.hoibian.com\/wp-content\/uploads\/2021\/04\/IMG_20210402_214409-750x1000.jpg 750w, https:\/\/lautremagda.hoibian.com\/wp-content\/uploads\/2021\/04\/IMG_20210402_214409-scaled.jpg 1920w\" sizes=\"auto, (max-width: 768px) 100vw, 768px\" \/><\/figure>\n<\/div>\n\n\n<p>Je suis une femme (genr\u00e9e oui donc \ud83d\ude09 ) une maman d&rsquo;une tr\u00e8s grande fille qui n&rsquo;est presque pas all\u00e9e \u00e0 l&rsquo;\u00e9cole et cherche \u00e0 construire sa vie loin de la famille maintenant, et je suis compl\u00e8tement<s> pas normale<\/s>, <a href=\"http:\/\/www.tdah-adulte.org\/#profils\" target=\"_blank\" rel=\"noreferrer noopener\">atypique.<\/a> (A mon corps d\u00e9fendant ! ) <\/p>\n\n\n\n<p>Ici c&rsquo;est mon blog pour parler de ce dont je trouvais  que je parlais trop (mais pas assez de fa\u00e7on d\u00e9velopp\u00e9e) sur le fameux r\u00e9seau facebook&#8230; ! Et principalement en cours de route de mes lectures, que je <a href=\"https:\/\/www.babelio.com\/monprofil.php\" target=\"_blank\" rel=\"noreferrer noopener\">partage sur Babelio<\/a> et que je souhaite rapatrier ici , et continuer,  (Je suis affam\u00e9e de litt\u00e9rature et contes) et de po\u00e9sies que j&rsquo;\u00e9cris en \u00e9cho \u00e0 ma peinture et que je travaille ( peu oui dis donc !) souvent \u00e0 partir de photographies que je prends d&rsquo;instants &#8230; (Ou pas&#8230;) <\/p>\n\n\n\n<p>Maintenant,\u00e7a va \u00eatre un vrai d\u00e9fi pour moi &#8230; Parce que \u00e7a demande quand m\u00eame un peu de temps et que je suis d\u00e9j\u00e0 bien occup\u00e9e&#8230;Mais c&rsquo;est une envie donc je devrais y arriver !<\/p>\n\n\n\n<p>Ecrire sur ce blog, plut\u00f4t que de le faire \u00a0\u00bbvite fait\u00a0\u00bb sur Instagram . Moi qui ai r\u00e9sist\u00e9 si longtemps aux smartphones&#8230; \u00b0c\u00b0<\/p>\n\n\n\n<p>Hum&#8230;. Je crois bien que j&rsquo;avais de bonnes raisons&#8230; C&rsquo;est \u00e0 la fois tr\u00e8s pratique et trop tentant. M\u00eame si je n&rsquo;y suis pas scotch\u00e9e&#8230; Je reconnais que je l&rsquo;utilise. S\u00fbrement trop ?<\/p>\n\n\n\n<p>Je suis une entre deux. J&rsquo;appr\u00e9cie par moments Instagram, surtout pour <a href=\"https:\/\/www.instagram.com\/magdahoibianartiste\/\" target=\"_blank\" rel=\"noreferrer noopener\" aria-label=\"mon compte d'artiste (ouverture dans un nouvel onglet)\">mon compte d&rsquo;artiste<\/a>, mais j&rsquo;ai parfois le sentiment que nous nous faisons toutes et tous avoir. <\/p>\n\n\n\n<p>Alors quand je prends le temps (et \u00e7a c&rsquo;est vraiment moi ! ) de me mettre \u00e0 re-d\u00e9couvrir des blogs, de prendre le temps de les lire, j&rsquo;avoue que j&rsquo;aime vraiment beaucoup cela.<\/p>\n\n\n\n<p>Ces univers aussi agr\u00e9ables et int\u00e9ressants que de bons magazines papier\u2026.<\/p>\n\n\n\n<p><\/p>\n\n\n\n<p>Bref, je suis Magda Hoibian, une artiste, une femme, m\u00e8re, \u00ab\u00a0\u00e9pouse\u00a0\u00bb ( je n&rsquo;aime pas le mot ? On en causera ! ) une f\u00e9ministe \u00e0 ma fa\u00e7on .Une femme qui a choisi il y a plus de dix ans de quitter les m\u00e9gapoles pour vivre en campagne (mon clavier a tap\u00e9 vibre en place de vivre j&rsquo;aime bien&#8230; Pour vivre et vibrer ! ) et qui a mis, en trio ( mari, fille et myself ), environ 10 ans pour trouver le coin de campagne qui nous allait &#8230; (L\u00e0 pour le coup, on a \u00e9t\u00e9 lents&#8230; ) (Mais je ne sais jamais si nous resterons pour toujours l\u00e0 o\u00f9 nous sommes : Je trouve \u00e7a trop effrayant de ne plus bouger un jour ! )<\/p>\n\n\n\n<p>Je suis en tout cas.<\/p>\n\n\n\n<p>On me dit authentique, chaleureuse, un peu trop ceci ou cela. Beaucoup trop sensible, beaucoup trop r\u00e9active, beaucoup trop tout ! Mais je suis juste moi&#8230;<\/p>\n\n\n\n<p><strong><em>Hyper sensible, toujours intense, folle de la vie et du vivant, ins\u00e9parable de ce qui reste de Nature dans \u00ab\u00a0notre\u00a0\u00bb civilisation, amoureuse, maman pour toujours, mais pas toujours, cr\u00e9atrice et cr\u00e9ative sans l&rsquo;avoir d\u00e9cid\u00e9 au d\u00e9part, toujours trop \u00e9motive, toujours avec trop d&rsquo;imagination, pas assez patiente quand j&rsquo;ai des id\u00e9es, apprenant \u00e0 l&rsquo;\u00eatre avec le jardinage, adorant la po\u00e9sie et inventer des choses, r\u00eaveuse imp\u00e9nitente et toujours ou presque d&rsquo;espoir .<\/em><\/strong><\/p>\n\n\n\n<p>J&rsquo;aime les arts. Depuis bien&nbsp; avant que de m&rsquo;\u00eatre autoris\u00e9e \u00e0 devenir moi-m\u00eame artiste plasticienne&#8230;.<\/p>\n\n\n\n<p>Je ne pourrais vivre sans musique, chanson, litt\u00e9rature, peinture, cin\u00e9ma, arts du spectacle, danse etc m\u00eame si je ne vais pas voir autant de spectacles et d&rsquo;expositions que je le souhaiterai.<\/p>\n\n\n\n<p><strong><em>Mais je vis pr\u00e8s de la Nature, la grande magicienne qui inspire bon nombre de cr\u00e9ateurs et cr\u00e9atrices&#8230;<\/em><\/strong><\/p>\n\n\n\n<p><\/p>\n\n\n\n<p>Et j&rsquo;aime ce choix. M\u00eame s&rsquo;il ne fut pas toujours facile. Ce fut un choix judicieux en tout cas.<\/p>\n\n\n\n<p>J&rsquo;aime nous soigner avec des plantes et des huiles essentielles, \u00e9viter les antibiotiques, m&rsquo;enduire la face d&rsquo;huile v\u00e9g\u00e9tale, trouver \u00e0 ma fille des protections menstruelles nouvelles qui lui donnent douceur et prot\u00e8gent et sa vulve et la plan\u00e8te, tenter de manger sain , et me remetre \u00e0 potager et avoir nos propres poulettes pour les oeufs et le plaisir assum\u00e9 de les voir vivre&#8230; ( Ma fille qui n&rsquo;a plus besoin de moi pour \u00e7a, maintenant.)<\/p>\n\n\n\n<p>J&rsquo;aime vivre pr\u00e8s des arbres et me faire des illusions, embellir la vie et lire les journaux pourtant, j&rsquo;aime la complexit\u00e9 humaine mais pas les gens qui compliquent inutilement ce qui n&rsquo;en a nul besoin.<\/p>\n\n\n\n<figure class=\"wp-block-image\"><img loading=\"lazy\" decoding=\"async\" width=\"1024\" height=\"768\" src=\"https:\/\/lautremagda.hoibian.com\/wp-content\/uploads\/2018\/07\/P1040633-1024x768.jpg\" alt=\"\" class=\"wp-image-71\" srcset=\"https:\/\/lautremagda.hoibian.com\/wp-content\/uploads\/2018\/07\/P1040633-1024x768.jpg 1024w, https:\/\/lautremagda.hoibian.com\/wp-content\/uploads\/2018\/07\/P1040633-300x225.jpg 300w, https:\/\/lautremagda.hoibian.com\/wp-content\/uploads\/2018\/07\/P1040633-768x576.jpg 768w, https:\/\/lautremagda.hoibian.com\/wp-content\/uploads\/2018\/07\/P1040633-750x563.jpg 750w\" sizes=\"auto, (max-width: 1024px) 100vw, 1024px\" \/><\/figure>\n\n\n\n<p>J&rsquo;ai profond\u00e9ment aim\u00e9 accompagner notre fille ch\u00e9rie hors des sentiers du syst\u00e8me scolaire tout trac\u00e9, en lui proposant une vie en #IEF . Cette vie nous a transform\u00e9 tous les trois \u00e0 dire vrai. Ce n&rsquo;est pas un choix de la facilit\u00e9 peut-\u00eatre, mais c&rsquo;est vraiment un choix heureux chez nous, . M\u00eame si c&rsquo;est le pass\u00e9, ce fut un v\u00e9cu riche et inventif, plein de temps cools, de recherches et d&rsquo;erreurs et de r\u00e9ussites, plein de vie !<\/p>\n\n\n\n<p><strong>J&rsquo;aime cr\u00e9er et peindre en musique ou sans,<\/strong> une fois que je suis dedans, j&rsquo;oublie tout tant je suis happ\u00e9e, j&rsquo;aime cr\u00e9er du lien et accompagner des personnes vers leur <a aria-label=\" cr\u00e9ativit\u00e9 propre avec plus d'intuition, (ouverture dans un nouvel onglet)\" href=\"https:\/\/www.peinture-intuitive.com\" target=\"_blank\" rel=\"noreferrer noopener\">cr\u00e9ativit\u00e9 propre avec plus d&rsquo;intuition,<\/a> c&rsquo;est int\u00e9ressant. J&rsquo;ai stopp\u00e9 mon association des Ateliers L&rsquo;Envol en temps de pand\u00e9mie, parce qu&rsquo;en campagne c&rsquo;est trop difficile de trouver le public int\u00e9ress\u00e9 par une pratique cr\u00e9atrice pour les petits et grands en inter-g\u00e9n\u00e9rationnel, malgr\u00e9 ma formation et tout &#8230; Mon \u00e9nergie a ses limites en <a href=\"http:\/\/www.talentdifferent.com\/\" target=\"_blank\" rel=\"noreferrer noopener\">bonne z\u00e8bre HPI<\/a> et avec une tendance de r\u00eaveuse , je dois me poser des limites si je veux aboutir dans mes projets cr\u00e9atifs . Donc je n&rsquo;accompagne plus d&rsquo;enfants l\u00e0 o\u00f9 je suis, avec mon ancien Jeu de Peindre, finito ! Mais c&rsquo;est un Atelier qui va ouvrir de nouveau, car il me manque beaucoup, mon exp\u00e9rience doit servir, et il est dans nos projets de nous rapprocher de la ville moyenne o\u00f9 travaille mon ch\u00e9ri. Notre adorable et aim\u00e9e maison est donc en vente ( snif) et une ailleurs je pourrais reprendre cet atelier que j&rsquo;ai tant aimer animer ! Maison en vente oui ! Oh l\u00e0 l\u00e0 , \u00e7a fait quelque chose&#8230; Vous pouvez voir une , deux annonces actuellement sur le boncoin et je pondre un article aussi prochainement au sujet de la vente de notre maison ch\u00e9rie en Sud Touraine. <a href=\"https:\/\/www.leboncoin.fr\/ad\/ventes_immobilieres\/3060564971\" target=\"_blank\" rel=\"noreferrer noopener\">Ici une annonce de notre belle et grande Maison en Vente en Touraine. <\/a><\/p>\n\n\n\n<figure class=\"wp-block-image\"><img loading=\"lazy\" decoding=\"async\" width=\"1213\" height=\"1615\" src=\"https:\/\/lautremagda.hoibian.com\/wp-content\/uploads\/2021\/04\/juin-2012-005-edited.jpg\" alt=\"Les Ateliers l'ENVOL mon ancien Jeu de Peindre aujourd'hui ferm\u00e9.\" class=\"wp-image-281\" srcset=\"https:\/\/lautremagda.hoibian.com\/wp-content\/uploads\/2021\/04\/juin-2012-005-edited.jpg 1213w, https:\/\/lautremagda.hoibian.com\/wp-content\/uploads\/2021\/04\/juin-2012-005-edited-225x300.jpg 225w, https:\/\/lautremagda.hoibian.com\/wp-content\/uploads\/2021\/04\/juin-2012-005-edited-769x1024.jpg 769w, https:\/\/lautremagda.hoibian.com\/wp-content\/uploads\/2021\/04\/juin-2012-005-edited-768x1023.jpg 768w, https:\/\/lautremagda.hoibian.com\/wp-content\/uploads\/2021\/04\/juin-2012-005-edited-1154x1536.jpg 1154w, https:\/\/lautremagda.hoibian.com\/wp-content\/uploads\/2021\/04\/juin-2012-005-edited-750x999.jpg 750w\" sizes=\"auto, (max-width: 1213px) 100vw, 1213px\" \/><figcaption class=\"wp-element-caption\"><strong>Mon ancien Jeu de Peindre, Les Ateliers L&rsquo;Envol aujourd&rsquo;hui ferm\u00e9s, mais pr\u00eats \u00e0 ouvrir de nouveau ! <\/strong><\/figcaption><\/figure>\n\n\n\n<p>Je suis \u00e0 un moment de ma vie o\u00f9 \u00e0 la fois tout s&rsquo;apaise et s&rsquo;enflamme, dans une juste mesure avec plus de puissance. Ce temps o\u00f9 les femmes peuvent devenir <strong>des sorci\u00e8res pleines de connaissances \u00e0 partager et \u00e0 \u00e9changer <\/strong>sans plus se soucier de faire peur ou non.<\/p>\n\n\n\n<p>Parce que nous savons aimer et \u00eatre aim\u00e9es.<\/p>\n\n\n\n<p>Parce que nous savons cr\u00e9er .<\/p>\n\n\n\n<p><\/p>\n\n\n\n<p>C&rsquo;est dans ce temps de fin de pr\u00e9-m\u00e9nopause\/ M\u00e9nopause  que je suis, et que je me sens forte et joyeuse, fatigu\u00e9e et malmen\u00e9e, en d\u00e9couverte de nouveaux rythmes et \u00e9nergies,  que j&rsquo;aime ma valse des \u00e9motions vivantes, l&rsquo;\u00e9motion qui veut dire aussi mouvement&#8230; Bienvenue \u00e0 vous lectrices et lecteurs&#8230;<\/p>\n\n\n\n<p>L&rsquo;autre Magda<\/p>\n\n\n\n<figure class=\"wp-block-image size-large\"><img loading=\"lazy\" decoding=\"async\" width=\"1024\" height=\"644\" src=\"https:\/\/lautremagda.hoibian.com\/wp-content\/uploads\/2026\/02\/IMG_20260118_103806-1024x644.jpg\" alt=\"\" class=\"wp-image-478\" srcset=\"https:\/\/lautremagda.hoibian.com\/wp-content\/uploads\/2026\/02\/IMG_20260118_103806-1024x644.jpg 1024w, https:\/\/lautremagda.hoibian.com\/wp-content\/uploads\/2026\/02\/IMG_20260118_103806-300x189.jpg 300w, https:\/\/lautremagda.hoibian.com\/wp-content\/uploads\/2026\/02\/IMG_20260118_103806-768x483.jpg 768w, https:\/\/lautremagda.hoibian.com\/wp-content\/uploads\/2026\/02\/IMG_20260118_103806-750x472.jpg 750w, https:\/\/lautremagda.hoibian.com\/wp-content\/uploads\/2026\/02\/IMG_20260118_103806.jpg 1048w\" sizes=\"auto, (max-width: 1024px) 100vw, 1024px\" \/><figcaption class=\"wp-element-caption\">Magda Hoibian, d\u00e9tail d&rsquo;un tableau.<\/figcaption><\/figure>\n","protected":false},"excerpt":{"rendered":"<p>Bonjour,<\/p>\n","protected":false},"author":2,"featured_media":0,"parent":0,"menu_order":0,"comment_status":"closed","ping_status":"closed","template":"","meta":{"footnotes":""},"class_list":["post-27","page","type-page","status-publish","hentry"],"_links":{"self":[{"href":"https:\/\/lautremagda.hoibian.com\/index.php\/wp-json\/wp\/v2\/pages\/27","targetHints":{"allow":["GET"]}}],"collection":[{"href":"https:\/\/lautremagda.hoibian.com\/index.php\/wp-json\/wp\/v2\/pages"}],"about":[{"href":"https:\/\/lautremagda.hoibian.com\/index.php\/wp-json\/wp\/v2\/types\/page"}],"author":[{"embeddable":true,"href":"https:\/\/lautremagda.hoibian.com\/index.php\/wp-json\/wp\/v2\/users\/2"}],"replies":[{"embeddable":true,"href":"https:\/\/lautremagda.hoibian.com\/index.php\/wp-json\/wp\/v2\/comments?post=27"}],"version-history":[{"count":10,"href":"https:\/\/lautremagda.hoibian.com\/index.php\/wp-json\/wp\/v2\/pages\/27\/revisions"}],"predecessor-version":[{"id":479,"href":"https:\/\/lautremagda.hoibian.com\/index.php\/wp-json\/wp\/v2\/pages\/27\/revisions\/479"}],"wp:attachment":[{"href":"https:\/\/lautremagda.hoibian.com\/index.php\/wp-json\/wp\/v2\/media?parent=27"}],"curies":[{"name":"wp","href":"https:\/\/api.w.org\/{rel}","templated":true}]}}