{"id":28,"date":"2018-02-24T02:52:57","date_gmt":"2018-02-24T01:52:57","guid":{"rendered":"http:\/\/lautremagda.hoibian.com\/?page_id=28"},"modified":"2026-02-10T18:18:17","modified_gmt":"2026-02-10T17:18:17","slug":"liens","status":"publish","type":"page","link":"https:\/\/lautremagda.hoibian.com\/index.php\/liens\/","title":{"rendered":"Liens"},"content":{"rendered":"\n<p><strong>Mes autres sites ou les sites\/ blogs  o\u00f9 je me \u00a0\u00bb rends\u00a0\u00bb et sinon signalez-vous j&rsquo;ai bien envie de d\u00e9couvertes !<\/strong><\/p>\n\n\n\n<p><a href=\"https:\/\/www.magda.hoibian.com\" target=\"_blank\" rel=\"noreferrer noopener\">Magda Hoibian Artiste peintre<\/a> Peintures avec galerie en ligne, Newsletter, et les informations n\u00e9cessaires sur ma d\u00e9marche artistique et des portfolios.)<\/p>\n\n\n\n<p><a href=\"https:\/\/www.radiofrance.fr\/franceculture\/podcasts\" target=\"_blank\" rel=\"noreferrer noopener\">France Culture en replay<\/a> : La radio publique qui est devenue ma favorite. <\/p>\n\n\n\n<p>J&rsquo;avoue que les blogs semblent avoir tous ou presque migr\u00e9 sur instagram, il me faudra en retrouver de nouveaux. Ca viendra. (Et reviendra ! ) <\/p>\n\n\n\n<p><a href=\"http:\/\/lartdesetrouver.blogspot.com\/\" target=\"_blank\" rel=\"noreferrer noopener\">l&rsquo;art de se trouver (Ma fille, un temps.) <\/a> (Pure merveille \u00e0 lire, vraiment ! ) <\/p>\n","protected":false},"excerpt":{"rendered":"<p>Mes autres sites ou les sites\/ blogs o\u00f9 je me \u00a0\u00bb rends\u00a0\u00bb et sinon signalez-vous j&rsquo;ai bien envie de d\u00e9couvertes ! Magda Hoibian Artiste peintre Peintures avec galerie en ligne, Newsletter, et les informations n\u00e9cessaires sur ma d\u00e9marche artistique et des portfolios.) France Culture en replay : La radio publique qui est devenue ma favorite.&hellip;<a href=\"https:\/\/lautremagda.hoibian.com\/index.php\/liens\/\" class=\"more-link\">Continue reading <span class=\"screen-reader-text\">Liens<\/span><\/a><\/p>\n","protected":false},"author":2,"featured_media":0,"parent":0,"menu_order":0,"comment_status":"closed","ping_status":"closed","template":"","meta":{"footnotes":""},"class_list":["post-28","page","type-page","status-publish","hentry"],"_links":{"self":[{"href":"https:\/\/lautremagda.hoibian.com\/index.php\/wp-json\/wp\/v2\/pages\/28","targetHints":{"allow":["GET"]}}],"collection":[{"href":"https:\/\/lautremagda.hoibian.com\/index.php\/wp-json\/wp\/v2\/pages"}],"about":[{"href":"https:\/\/lautremagda.hoibian.com\/index.php\/wp-json\/wp\/v2\/types\/page"}],"author":[{"embeddable":true,"href":"https:\/\/lautremagda.hoibian.com\/index.php\/wp-json\/wp\/v2\/users\/2"}],"replies":[{"embeddable":true,"href":"https:\/\/lautremagda.hoibian.com\/index.php\/wp-json\/wp\/v2\/comments?post=28"}],"version-history":[{"count":4,"href":"https:\/\/lautremagda.hoibian.com\/index.php\/wp-json\/wp\/v2\/pages\/28\/revisions"}],"predecessor-version":[{"id":481,"href":"https:\/\/lautremagda.hoibian.com\/index.php\/wp-json\/wp\/v2\/pages\/28\/revisions\/481"}],"wp:attachment":[{"href":"https:\/\/lautremagda.hoibian.com\/index.php\/wp-json\/wp\/v2\/media?parent=28"}],"curies":[{"name":"wp","href":"https:\/\/api.w.org\/{rel}","templated":true}]}}